{"id":118,"date":"2019-02-23T16:13:17","date_gmt":"2019-02-23T15:13:17","guid":{"rendered":"https:\/\/bjorkedalhandel.se\/?page_id=118"},"modified":"2020-11-14T14:20:07","modified_gmt":"2020-11-14T13:20:07","slug":"elsaxar","status":"publish","type":"page","link":"https:\/\/bjorkedalhandel.se\/index.php\/produkter\/elsaxar\/","title":{"rendered":"Elsaxar"},"content":{"rendered":"\n<figure class=\"wp-block-image\"><img decoding=\"async\" loading=\"lazy\" width=\"958\" height=\"743\" src=\"https:\/\/bjorkedalhandel.se\/wp-content\/uploads\/2019\/03\/HDP-36-1-2017-produktbild.png\" alt=\"\" class=\"wp-image-147\" srcset=\"https:\/\/bjorkedalhandel.se\/wp-content\/uploads\/2019\/03\/HDP-36-1-2017-produktbild.png 958w, https:\/\/bjorkedalhandel.se\/wp-content\/uploads\/2019\/03\/HDP-36-1-2017-produktbild-600x465.png 600w, https:\/\/bjorkedalhandel.se\/wp-content\/uploads\/2019\/03\/HDP-36-1-2017-produktbild-300x233.png 300w, https:\/\/bjorkedalhandel.se\/wp-content\/uploads\/2019\/03\/HDP-36-1-2017-produktbild-768x596.png 768w\" sizes=\"(max-width: 958px) 100vw, 958px\" \/><\/figure>\n\n\n\n<p>Elsax av h\u00f6g kvalit\u00e9 till ett mycket bra pris f\u00f6r besk\u00e4rning av frukttr\u00e4d och andra v\u00e4xter. Produkten \u00e4r sj\u00e4lvklart CE-certifierad. <\/p>\n\n\n\n<p>Produkten har m\u00e5nga f\u00f6rdelar mot traditionella grensaxar och sekat\u00f6rer, som att minska risken f\u00f6r f\u00f6rslitningsskador i axlar och h\u00e4nder, men \u00e4ven att man kan uppfylla b\u00e5de grensaxen och sekat\u00f6rens uppgifter med ett verktyg. <\/p>\n\n\n\n<p>Vi erbjuder flera olika modeller som l\u00e4mpar sig till olika odlingstyper. <\/p>\n\n\n<div class=\"wpforms-container wpforms-container-full wpforms-block\" id=\"wpforms-566\"><form id=\"wpforms-form-566\" class=\"wpforms-validate wpforms-form\" data-formid=\"566\" method=\"post\" enctype=\"multipart\/form-data\" action=\"\/index.php\/wp-json\/wp\/v2\/pages\/118\" data-token=\"6f9df3c3139f37061ca0dd5f33c9c874\"><noscript class=\"wpforms-error-noscript\">Aktivera JavaScript i din webbl\u00e4sare f\u00f6r att slutf\u00f6ra detta formul\u00e4r.<\/noscript><div class=\"wpforms-field-container\"><div id=\"wpforms-566-field_0-container\" class=\"wpforms-field wpforms-field-name wpforms-one-third wpforms-first wpforms-one-half\" data-field-id=\"0\"><label class=\"wpforms-field-label\" for=\"wpforms-566-field_0\">Namn <span class=\"wpforms-required-label\">*<\/span><\/label><input type=\"text\" id=\"wpforms-566-field_0\" class=\"wpforms-field-medium wpforms-field-required\" name=\"wpforms[fields][0]\" required><\/div><div id=\"wpforms-566-field_1-container\" class=\"wpforms-field wpforms-field-email\" data-field-id=\"1\"><label class=\"wpforms-field-label\" for=\"wpforms-566-field_1\">Email <span class=\"wpforms-required-label\">*<\/span><\/label><input type=\"email\" id=\"wpforms-566-field_1\" class=\"wpforms-field-medium wpforms-field-required\" name=\"wpforms[fields][1]\" spellcheck=\"false\" required><\/div><div id=\"wpforms-566-field_5-container\" class=\"wpforms-field wpforms-field-textarea\" data-field-id=\"5\"><label class=\"wpforms-field-label\" for=\"wpforms-566-field_5\">Meddelande <span class=\"wpforms-required-label\">*<\/span><\/label><textarea id=\"wpforms-566-field_5\" class=\"wpforms-field-medium wpforms-field-required\" name=\"wpforms[fields][5]\" required><\/textarea><\/div><\/div><!-- .wpforms-field-container --><div class=\"wpforms-submit-container\" ><input type=\"hidden\" name=\"wpforms[id]\" value=\"566\"><input type=\"hidden\" name=\"wpforms[author]\" value=\"1\"><button type=\"submit\" name=\"wpforms[submit]\" id=\"wpforms-submit-566\" class=\"wpforms-submit\" data-alt-text=\"Sending...\" data-submit-text=\"Skicka\" aria-live=\"assertive\" value=\"wpforms-submit\">Skicka<\/button><\/div><\/form><\/div>  <!-- .wpforms-container -->","protected":false},"excerpt":{"rendered":"<p>Elsax av h\u00f6g kvalit\u00e9 till ett mycket bra pris f\u00f6r besk\u00e4rning av frukttr\u00e4d och andra v\u00e4xter. Produkten \u00e4r sj\u00e4lvklart CE-certifierad. Produkten har m\u00e5nga f\u00f6rdelar mot traditionella grensaxar och sekat\u00f6rer, som att minska risken f\u00f6r f\u00f6rslitningsskador i axlar och h\u00e4nder, men \u00e4ven att man kan uppfylla b\u00e5de grensaxen och sekat\u00f6rens uppgifter med ett verktyg. Vi erbjuder [&hellip;]<\/p>\n","protected":false},"author":1,"featured_media":0,"parent":10,"menu_order":0,"comment_status":"closed","ping_status":"closed","template":"","meta":{"footnotes":""},"jetpack_sharing_enabled":true,"jetpack_shortlink":"https:\/\/wp.me\/PaLEM1-1U","_links":{"self":[{"href":"https:\/\/bjorkedalhandel.se\/index.php\/wp-json\/wp\/v2\/pages\/118"}],"collection":[{"href":"https:\/\/bjorkedalhandel.se\/index.php\/wp-json\/wp\/v2\/pages"}],"about":[{"href":"https:\/\/bjorkedalhandel.se\/index.php\/wp-json\/wp\/v2\/types\/page"}],"author":[{"embeddable":true,"href":"https:\/\/bjorkedalhandel.se\/index.php\/wp-json\/wp\/v2\/users\/1"}],"replies":[{"embeddable":true,"href":"https:\/\/bjorkedalhandel.se\/index.php\/wp-json\/wp\/v2\/comments?post=118"}],"version-history":[{"count":11,"href":"https:\/\/bjorkedalhandel.se\/index.php\/wp-json\/wp\/v2\/pages\/118\/revisions"}],"predecessor-version":[{"id":580,"href":"https:\/\/bjorkedalhandel.se\/index.php\/wp-json\/wp\/v2\/pages\/118\/revisions\/580"}],"up":[{"embeddable":true,"href":"https:\/\/bjorkedalhandel.se\/index.php\/wp-json\/wp\/v2\/pages\/10"}],"wp:attachment":[{"href":"https:\/\/bjorkedalhandel.se\/index.php\/wp-json\/wp\/v2\/media?parent=118"}],"curies":[{"name":"wp","href":"https:\/\/api.w.org\/{rel}","templated":true}]}}