{"id":13,"date":"2019-02-23T14:44:11","date_gmt":"2019-02-23T13:44:11","guid":{"rendered":"https:\/\/bjorkedalhandel.se\/?page_id=13"},"modified":"2019-08-14T22:06:28","modified_gmt":"2019-08-14T20:06:28","slug":"om-oss","status":"publish","type":"page","link":"https:\/\/bjorkedalhandel.se\/index.php\/hem\/om-oss\/","title":{"rendered":"Om oss"},"content":{"rendered":"\n<figure class=\"wp-block-image\"><img decoding=\"async\" loading=\"lazy\" width=\"630\" height=\"419\" src=\"https:\/\/bjorkedalhandel.se\/wp-content\/uploads\/2019\/02\/erland-hilding-\u00e4pple-1.jpg\" alt=\"\" class=\"wp-image-40\" srcset=\"https:\/\/bjorkedalhandel.se\/wp-content\/uploads\/2019\/02\/erland-hilding-\u00e4pple-1.jpg 630w, https:\/\/bjorkedalhandel.se\/wp-content\/uploads\/2019\/02\/erland-hilding-\u00e4pple-1-600x399.jpg 600w, https:\/\/bjorkedalhandel.se\/wp-content\/uploads\/2019\/02\/erland-hilding-\u00e4pple-1-300x200.jpg 300w\" sizes=\"(max-width: 630px) 100vw, 630px\" \/><\/figure>\n\n\n\n<p>Bj\u00f6rkedal Handel AB \u00e4r ett f\u00f6retag startat 2018 inriktat p\u00e5 att f\u00f6rse fr\u00e4mst svenska fruktodlare med produkter\u00a0och\u00a0tj\u00e4nster\u00a0till\u00a0bra\u00a0priser.\u00a0<\/p>\n\n\n\n<p>Genom v\u00e5r egna erfarenhet som fruktodlare \u00f6kar det v\u00e5ra m\u00f6jligheter att f\u00f6rst\u00e5 odlarens problem, och f\u00f6rhoppningsvis hj\u00e4lpa till att hitta kostnadseffektiva l\u00f6sningar. <\/p>\n\n\n\n<p><\/p>\n","protected":false},"excerpt":{"rendered":"<p>Bj\u00f6rkedal Handel AB \u00e4r ett f\u00f6retag startat 2018 inriktat p\u00e5 att f\u00f6rse fr\u00e4mst svenska fruktodlare med produkter\u00a0och\u00a0tj\u00e4nster\u00a0till\u00a0bra\u00a0priser.\u00a0 Genom v\u00e5r egna erfarenhet som fruktodlare \u00f6kar det v\u00e5ra m\u00f6jligheter att f\u00f6rst\u00e5 odlarens problem, och f\u00f6rhoppningsvis hj\u00e4lpa till att hitta kostnadseffektiva l\u00f6sningar.<\/p>\n","protected":false},"author":1,"featured_media":0,"parent":18,"menu_order":0,"comment_status":"closed","ping_status":"closed","template":"","meta":{"footnotes":""},"jetpack_sharing_enabled":true,"jetpack_shortlink":"https:\/\/wp.me\/PaLEM1-d","_links":{"self":[{"href":"https:\/\/bjorkedalhandel.se\/index.php\/wp-json\/wp\/v2\/pages\/13"}],"collection":[{"href":"https:\/\/bjorkedalhandel.se\/index.php\/wp-json\/wp\/v2\/pages"}],"about":[{"href":"https:\/\/bjorkedalhandel.se\/index.php\/wp-json\/wp\/v2\/types\/page"}],"author":[{"embeddable":true,"href":"https:\/\/bjorkedalhandel.se\/index.php\/wp-json\/wp\/v2\/users\/1"}],"replies":[{"embeddable":true,"href":"https:\/\/bjorkedalhandel.se\/index.php\/wp-json\/wp\/v2\/comments?post=13"}],"version-history":[{"count":8,"href":"https:\/\/bjorkedalhandel.se\/index.php\/wp-json\/wp\/v2\/pages\/13\/revisions"}],"predecessor-version":[{"id":538,"href":"https:\/\/bjorkedalhandel.se\/index.php\/wp-json\/wp\/v2\/pages\/13\/revisions\/538"}],"up":[{"embeddable":true,"href":"https:\/\/bjorkedalhandel.se\/index.php\/wp-json\/wp\/v2\/pages\/18"}],"wp:attachment":[{"href":"https:\/\/bjorkedalhandel.se\/index.php\/wp-json\/wp\/v2\/media?parent=13"}],"curies":[{"name":"wp","href":"https:\/\/api.w.org\/{rel}","templated":true}]}}