{"id":233,"date":"2019-07-30T19:57:24","date_gmt":"2019-07-30T17:57:24","guid":{"rendered":"https:\/\/bjorkedalhandel.se\/?page_id=233"},"modified":"2019-08-14T22:01:01","modified_gmt":"2019-08-14T20:01:01","slug":"plantering","status":"publish","type":"page","link":"https:\/\/bjorkedalhandel.se\/index.php\/produkter\/plantering\/","title":{"rendered":"Plantering"},"content":{"rendered":"\n<figure class=\"wp-block-image\"><img decoding=\"async\" loading=\"lazy\" width=\"1024\" height=\"576\" src=\"https:\/\/bjorkedalhandel.se\/wp-content\/uploads\/2019\/07\/20140914_115740-1024x576.jpg\" alt=\"\" class=\"wp-image-235\" srcset=\"https:\/\/bjorkedalhandel.se\/wp-content\/uploads\/2019\/07\/20140914_115740-1024x576.jpg 1024w, https:\/\/bjorkedalhandel.se\/wp-content\/uploads\/2019\/07\/20140914_115740-300x169.jpg 300w, https:\/\/bjorkedalhandel.se\/wp-content\/uploads\/2019\/07\/20140914_115740-768x432.jpg 768w, https:\/\/bjorkedalhandel.se\/wp-content\/uploads\/2019\/07\/20140914_115740-600x338.jpg 600w\" sizes=\"(max-width: 1024px) 100vw, 1024px\" \/><\/figure>\n\n\n\n<p>Vi hj\u00e4lper er g\u00e4rna med materiell till nyplantering fr\u00e5n bepr\u00f6vade leverant\u00f6rer av stolpar, st\u00e5ltr\u00e5d, jordankare och mycket mer. <\/p>\n\n\n\n<p><\/p>\n","protected":false},"excerpt":{"rendered":"<p>Vi hj\u00e4lper er g\u00e4rna med materiell till nyplantering fr\u00e5n bepr\u00f6vade leverant\u00f6rer av stolpar, st\u00e5ltr\u00e5d, jordankare och mycket mer.<\/p>\n","protected":false},"author":1,"featured_media":0,"parent":10,"menu_order":0,"comment_status":"closed","ping_status":"closed","template":"","meta":{"footnotes":""},"jetpack_sharing_enabled":true,"jetpack_shortlink":"https:\/\/wp.me\/PaLEM1-3L","_links":{"self":[{"href":"https:\/\/bjorkedalhandel.se\/index.php\/wp-json\/wp\/v2\/pages\/233"}],"collection":[{"href":"https:\/\/bjorkedalhandel.se\/index.php\/wp-json\/wp\/v2\/pages"}],"about":[{"href":"https:\/\/bjorkedalhandel.se\/index.php\/wp-json\/wp\/v2\/types\/page"}],"author":[{"embeddable":true,"href":"https:\/\/bjorkedalhandel.se\/index.php\/wp-json\/wp\/v2\/users\/1"}],"replies":[{"embeddable":true,"href":"https:\/\/bjorkedalhandel.se\/index.php\/wp-json\/wp\/v2\/comments?post=233"}],"version-history":[{"count":4,"href":"https:\/\/bjorkedalhandel.se\/index.php\/wp-json\/wp\/v2\/pages\/233\/revisions"}],"predecessor-version":[{"id":377,"href":"https:\/\/bjorkedalhandel.se\/index.php\/wp-json\/wp\/v2\/pages\/233\/revisions\/377"}],"up":[{"embeddable":true,"href":"https:\/\/bjorkedalhandel.se\/index.php\/wp-json\/wp\/v2\/pages\/10"}],"wp:attachment":[{"href":"https:\/\/bjorkedalhandel.se\/index.php\/wp-json\/wp\/v2\/media?parent=233"}],"curies":[{"name":"wp","href":"https:\/\/api.w.org\/{rel}","templated":true}]}}