{"id":283,"date":"2019-08-13T20:16:47","date_gmt":"2019-08-13T18:16:47","guid":{"rendered":"https:\/\/bjorkedalhandel.se\/?page_id=283"},"modified":"2020-11-14T14:15:21","modified_gmt":"2020-11-14T13:15:21","slug":"boreco-onyx-3","status":"publish","type":"page","link":"https:\/\/bjorkedalhandel.se\/index.php\/maskiner\/boreco\/boreco-onyx-3\/","title":{"rendered":"Onyx"},"content":{"rendered":"\n<p>Onyx \u00e4r en plattform v\u00e4l anpassad f\u00f6r svenska f\u00f6ruts\u00e4ttningar, en allsidig maskin som kommer till anv\u00e4ndning vid flera olika arbetsmoment \u00e5ret runt i ett modernt odlingssystem.  <\/p>\n\n\n\n<figure class=\"wp-block-image\"><img decoding=\"async\" src=\"https:\/\/bjorkedalhandel.se\/wp-content\/uploads\/2019\/08\/Boreco-onyx-4.jpg\" alt=\"\"\/><\/figure>\n\n\n\n<ul><li>Platformen kan utrustas med en trecylindrig dieselmotor fr\u00e5n Kubota eller med elektrisk drift<\/li><li>I orginalutf\u00f6randet har platformen en l\u00e4ngd p\u00e5 440cm och en maximal bredd p\u00e5 260 cm<\/li><li>Sj\u00e4lvg\u00e5ende, styrs efter tr\u00e4draden<\/li><li>Ett enkelt &#8221;Stop &amp; Go&#8221; system som effektiviserar arbetet<\/li><li>Fyrhjulsdrift<\/li><li>Konstruktionen g\u00f6r det enkelt att g\u00f6ra v\u00e4ldigt skarpa v\u00e4ndningar<\/li><\/ul>\n\n\n\n<p> <\/p>\n\n\n\n<figure class=\"wp-block-embed-youtube wp-block-embed is-type-video is-provider-youtube wp-embed-aspect-4-3 wp-has-aspect-ratio\"><div class=\"wp-block-embed__wrapper\">\n<div class=\"jetpack-video-wrapper\"><span class=\"embed-youtube\" style=\"text-align:center; display: block;\"><iframe loading=\"lazy\" class=\"youtube-player\" width=\"1170\" height=\"659\" src=\"https:\/\/www.youtube.com\/embed\/7gXk6wRIaHU?version=3&#038;rel=1&#038;showsearch=0&#038;showinfo=1&#038;iv_load_policy=1&#038;fs=1&#038;hl=sv-SE&#038;autohide=2&#038;start=13&#038;wmode=transparent\" allowfullscreen=\"true\" style=\"border:0;\" sandbox=\"allow-scripts allow-same-origin allow-popups allow-presentation\"><\/iframe><\/span><\/div>\n<\/div><\/figure>\n\n\n\n<p>Maskinen g\u00e5r att anpassa med diverse till\u00e4gg: <\/p>\n\n\n\n<ul><li> Hydraulisk anpassning av h\u00f6jd och bredd  <\/li><li> M\u00f6jlig att f\u00e5 med saxlift<\/li><li> Hydrauliskt avlastningssystem f\u00f6r bingar <\/li><li>  Transportvagn f\u00f6r bingar <\/li><\/ul>\n\n\n<div class=\"wpforms-container wpforms-container-full wpforms-block\" id=\"wpforms-566\"><form id=\"wpforms-form-566\" class=\"wpforms-validate wpforms-form\" data-formid=\"566\" method=\"post\" enctype=\"multipart\/form-data\" action=\"\/index.php\/wp-json\/wp\/v2\/pages\/283\" data-token=\"6f9df3c3139f37061ca0dd5f33c9c874\"><noscript class=\"wpforms-error-noscript\">Aktivera JavaScript i din webbl\u00e4sare f\u00f6r att slutf\u00f6ra detta formul\u00e4r.<\/noscript><div class=\"wpforms-field-container\"><div id=\"wpforms-566-field_0-container\" class=\"wpforms-field wpforms-field-name wpforms-one-third wpforms-first wpforms-one-half\" data-field-id=\"0\"><label class=\"wpforms-field-label\" for=\"wpforms-566-field_0\">Namn <span class=\"wpforms-required-label\">*<\/span><\/label><input type=\"text\" id=\"wpforms-566-field_0\" class=\"wpforms-field-medium wpforms-field-required\" name=\"wpforms[fields][0]\" required><\/div><div id=\"wpforms-566-field_1-container\" class=\"wpforms-field wpforms-field-email\" data-field-id=\"1\"><label class=\"wpforms-field-label\" for=\"wpforms-566-field_1\">Email <span class=\"wpforms-required-label\">*<\/span><\/label><input type=\"email\" id=\"wpforms-566-field_1\" class=\"wpforms-field-medium wpforms-field-required\" name=\"wpforms[fields][1]\" spellcheck=\"false\" required><\/div><div id=\"wpforms-566-field_5-container\" class=\"wpforms-field wpforms-field-textarea\" data-field-id=\"5\"><label class=\"wpforms-field-label\" for=\"wpforms-566-field_5\">Meddelande <span class=\"wpforms-required-label\">*<\/span><\/label><textarea id=\"wpforms-566-field_5\" class=\"wpforms-field-medium wpforms-field-required\" name=\"wpforms[fields][5]\" required><\/textarea><\/div><\/div><!-- .wpforms-field-container --><div class=\"wpforms-submit-container\" ><input type=\"hidden\" name=\"wpforms[id]\" value=\"566\"><input type=\"hidden\" name=\"wpforms[author]\" value=\"1\"><button type=\"submit\" name=\"wpforms[submit]\" id=\"wpforms-submit-566\" class=\"wpforms-submit\" data-alt-text=\"Sending...\" data-submit-text=\"Skicka\" aria-live=\"assertive\" value=\"wpforms-submit\">Skicka<\/button><\/div><\/form><\/div>  <!-- .wpforms-container -->","protected":false},"excerpt":{"rendered":"<p>Onyx \u00e4r en plattform v\u00e4l anpassad f\u00f6r svenska f\u00f6ruts\u00e4ttningar, en allsidig maskin som kommer till anv\u00e4ndning vid flera olika arbetsmoment \u00e5ret runt i ett modernt odlingssystem. Maskinen g\u00e5r att anpassa med diverse till\u00e4gg: Hydraulisk anpassning av h\u00f6jd och bredd M\u00f6jlig att f\u00e5 med saxlift Hydrauliskt avlastningssystem f\u00f6r bingar Transportvagn f\u00f6r bingar<\/p>\n","protected":false},"author":1,"featured_media":0,"parent":312,"menu_order":0,"comment_status":"closed","ping_status":"closed","template":"","meta":{"footnotes":""},"jetpack_sharing_enabled":true,"jetpack_shortlink":"https:\/\/wp.me\/PaLEM1-4z","_links":{"self":[{"href":"https:\/\/bjorkedalhandel.se\/index.php\/wp-json\/wp\/v2\/pages\/283"}],"collection":[{"href":"https:\/\/bjorkedalhandel.se\/index.php\/wp-json\/wp\/v2\/pages"}],"about":[{"href":"https:\/\/bjorkedalhandel.se\/index.php\/wp-json\/wp\/v2\/types\/page"}],"author":[{"embeddable":true,"href":"https:\/\/bjorkedalhandel.se\/index.php\/wp-json\/wp\/v2\/users\/1"}],"replies":[{"embeddable":true,"href":"https:\/\/bjorkedalhandel.se\/index.php\/wp-json\/wp\/v2\/comments?post=283"}],"version-history":[{"count":17,"href":"https:\/\/bjorkedalhandel.se\/index.php\/wp-json\/wp\/v2\/pages\/283\/revisions"}],"predecessor-version":[{"id":571,"href":"https:\/\/bjorkedalhandel.se\/index.php\/wp-json\/wp\/v2\/pages\/283\/revisions\/571"}],"up":[{"embeddable":true,"href":"https:\/\/bjorkedalhandel.se\/index.php\/wp-json\/wp\/v2\/pages\/312"}],"wp:attachment":[{"href":"https:\/\/bjorkedalhandel.se\/index.php\/wp-json\/wp\/v2\/media?parent=283"}],"curies":[{"name":"wp","href":"https:\/\/api.w.org\/{rel}","templated":true}]}}