{"id":317,"date":"2019-08-13T21:18:45","date_gmt":"2019-08-13T19:18:45","guid":{"rendered":"https:\/\/bjorkedalhandel.se\/?page_id=317"},"modified":"2019-08-15T21:07:42","modified_gmt":"2019-08-15T19:07:42","slug":"krolik","status":"publish","type":"page","link":"https:\/\/bjorkedalhandel.se\/index.php\/maskiner\/krolik\/","title":{"rendered":"Kr\u00f3lik"},"content":{"rendered":"\n<figure class=\"wp-block-image\"><a href=\"https:\/\/bjorkedalhandel.se\/index.php\/maskiner\/krolik\/sprutbommar\/\"><img decoding=\"async\" loading=\"lazy\" width=\"1024\" height=\"683\" src=\"https:\/\/bjorkedalhandel.se\/wp-content\/uploads\/2019\/08\/KR\u00d3LIK_Belka-herbicydowa_BHh_11-2-1024x683.jpg\" alt=\"\" class=\"wp-image-318\" srcset=\"https:\/\/bjorkedalhandel.se\/wp-content\/uploads\/2019\/08\/KR\u00d3LIK_Belka-herbicydowa_BHh_11-2-1024x683.jpg 1024w, https:\/\/bjorkedalhandel.se\/wp-content\/uploads\/2019\/08\/KR\u00d3LIK_Belka-herbicydowa_BHh_11-2-300x200.jpg 300w, https:\/\/bjorkedalhandel.se\/wp-content\/uploads\/2019\/08\/KR\u00d3LIK_Belka-herbicydowa_BHh_11-2-768x512.jpg 768w, https:\/\/bjorkedalhandel.se\/wp-content\/uploads\/2019\/08\/KR\u00d3LIK_Belka-herbicydowa_BHh_11-2-600x400.jpg 600w\" sizes=\"(max-width: 1024px) 100vw, 1024px\" \/><\/a><figcaption><a href=\"https:\/\/bjorkedalhandel.se\/index.php\/maskiner\/krolik\/sprutbommar\/\">Sprutbommar f\u00f6r ogr\u00e4sbek\u00e4mpning<\/a><br><\/figcaption><\/figure>\n\n\n\n<figure class=\"wp-block-image\"><a href=\"https:\/\/bjorkedalhandel.se\/index.php\/maskiner\/krolik\/plockvagnar\/\"><img decoding=\"async\" loading=\"lazy\" width=\"1024\" height=\"575\" src=\"https:\/\/bjorkedalhandel.se\/wp-content\/uploads\/2019\/08\/KR\u00d3LIK-Platforma_Kr\u00f3lik-O-Trak_KRT-2_4S_-11_-2-1024x575.jpg\" alt=\"\" class=\"wp-image-319\" srcset=\"https:\/\/bjorkedalhandel.se\/wp-content\/uploads\/2019\/08\/KR\u00d3LIK-Platforma_Kr\u00f3lik-O-Trak_KRT-2_4S_-11_-2-1024x575.jpg 1024w, https:\/\/bjorkedalhandel.se\/wp-content\/uploads\/2019\/08\/KR\u00d3LIK-Platforma_Kr\u00f3lik-O-Trak_KRT-2_4S_-11_-2-300x169.jpg 300w, https:\/\/bjorkedalhandel.se\/wp-content\/uploads\/2019\/08\/KR\u00d3LIK-Platforma_Kr\u00f3lik-O-Trak_KRT-2_4S_-11_-2-768x431.jpg 768w, https:\/\/bjorkedalhandel.se\/wp-content\/uploads\/2019\/08\/KR\u00d3LIK-Platforma_Kr\u00f3lik-O-Trak_KRT-2_4S_-11_-2-600x337.jpg 600w\" sizes=\"(max-width: 1024px) 100vw, 1024px\" \/><\/a><figcaption><a href=\"https:\/\/bjorkedalhandel.se\/index.php\/maskiner\/krolik\/plockvagnar\/\">Plockvagnar<br><\/a><br><\/figcaption><\/figure>\n","protected":false},"excerpt":{"rendered":"","protected":false},"author":1,"featured_media":0,"parent":266,"menu_order":0,"comment_status":"closed","ping_status":"closed","template":"","meta":{"footnotes":""},"jetpack_sharing_enabled":true,"jetpack_shortlink":"https:\/\/wp.me\/PaLEM1-57","_links":{"self":[{"href":"https:\/\/bjorkedalhandel.se\/index.php\/wp-json\/wp\/v2\/pages\/317"}],"collection":[{"href":"https:\/\/bjorkedalhandel.se\/index.php\/wp-json\/wp\/v2\/pages"}],"about":[{"href":"https:\/\/bjorkedalhandel.se\/index.php\/wp-json\/wp\/v2\/types\/page"}],"author":[{"embeddable":true,"href":"https:\/\/bjorkedalhandel.se\/index.php\/wp-json\/wp\/v2\/users\/1"}],"replies":[{"embeddable":true,"href":"https:\/\/bjorkedalhandel.se\/index.php\/wp-json\/wp\/v2\/comments?post=317"}],"version-history":[{"count":4,"href":"https:\/\/bjorkedalhandel.se\/index.php\/wp-json\/wp\/v2\/pages\/317\/revisions"}],"predecessor-version":[{"id":393,"href":"https:\/\/bjorkedalhandel.se\/index.php\/wp-json\/wp\/v2\/pages\/317\/revisions\/393"}],"up":[{"embeddable":true,"href":"https:\/\/bjorkedalhandel.se\/index.php\/wp-json\/wp\/v2\/pages\/266"}],"wp:attachment":[{"href":"https:\/\/bjorkedalhandel.se\/index.php\/wp-json\/wp\/v2\/media?parent=317"}],"curies":[{"name":"wp","href":"https:\/\/api.w.org\/{rel}","templated":true}]}}