{"id":328,"date":"2019-08-13T21:59:48","date_gmt":"2019-08-13T19:59:48","guid":{"rendered":"https:\/\/bjorkedalhandel.se\/?page_id=328"},"modified":"2020-11-14T14:18:00","modified_gmt":"2020-11-14T13:18:00","slug":"sprutbommar","status":"publish","type":"page","link":"https:\/\/bjorkedalhandel.se\/index.php\/maskiner\/krolik\/sprutbommar\/","title":{"rendered":"Sprutbommar"},"content":{"rendered":"\n<figure class=\"wp-block-embed-youtube wp-block-embed is-type-video is-provider-youtube wp-embed-aspect-16-9 wp-has-aspect-ratio\"><div class=\"wp-block-embed__wrapper\">\n<div class=\"jetpack-video-wrapper\"><span class=\"embed-youtube\" style=\"text-align:center; display: block;\"><iframe loading=\"lazy\" class=\"youtube-player\" width=\"1170\" height=\"659\" src=\"https:\/\/www.youtube.com\/embed\/SxqwYMG_2as?version=3&#038;rel=1&#038;showsearch=0&#038;showinfo=1&#038;iv_load_policy=1&#038;fs=1&#038;hl=sv-SE&#038;autohide=2&#038;wmode=transparent&#038;listType=playlist&#038;list=PLuxnRw_OhLRLU-5LbkB3IKwmT6MXNlL3H\" allowfullscreen=\"true\" style=\"border:0;\" sandbox=\"allow-scripts allow-same-origin allow-popups allow-presentation\"><\/iframe><\/span><\/div>\n<\/div><\/figure>\n\n\n\n<p><strong>Kr\u00f3lik<\/strong> erbjuder fyra olika modeller av sprutbommar f\u00f6r ogr\u00e4sbek\u00e4mpning. Gemensamt f\u00f6r alla modeller \u00e4r att det \u00e4r m\u00f6jligt att f\u00e5 med 2,3 eller 4 sprutmunstycken, antalet som passar b\u00e4st till din odling beror p\u00e5 ditt radavst\u00e5nd. <\/p>\n\n\n\n<figure class=\"wp-block-image\"><img decoding=\"async\" loading=\"lazy\" width=\"1024\" height=\"576\" src=\"https:\/\/bjorkedalhandel.se\/wp-content\/uploads\/2019\/08\/KR\u00d3LIK_Belka-herbicydowa_BHz_11_pozycja_robocza-1024x576.jpg\" alt=\"\" class=\"wp-image-350\" srcset=\"https:\/\/bjorkedalhandel.se\/wp-content\/uploads\/2019\/08\/KR\u00d3LIK_Belka-herbicydowa_BHz_11_pozycja_robocza-1024x576.jpg 1024w, https:\/\/bjorkedalhandel.se\/wp-content\/uploads\/2019\/08\/KR\u00d3LIK_Belka-herbicydowa_BHz_11_pozycja_robocza-300x169.jpg 300w, https:\/\/bjorkedalhandel.se\/wp-content\/uploads\/2019\/08\/KR\u00d3LIK_Belka-herbicydowa_BHz_11_pozycja_robocza-768x432.jpg 768w, https:\/\/bjorkedalhandel.se\/wp-content\/uploads\/2019\/08\/KR\u00d3LIK_Belka-herbicydowa_BHz_11_pozycja_robocza-600x338.jpg 600w\" sizes=\"(max-width: 1024px) 100vw, 1024px\" \/><\/figure>\n\n\n\n<p><strong>BHz<\/strong> \u00e4r den simplaste modellen, b\u00e5de arbetsbredden och arbetsh\u00f6jden st\u00e4lls in manuellt. <\/p>\n\n\n\n<figure class=\"wp-block-image\"><img decoding=\"async\" loading=\"lazy\" width=\"1024\" height=\"683\" src=\"https:\/\/bjorkedalhandel.se\/wp-content\/uploads\/2019\/08\/KR\u00d3LIK_Belka-herbicydowa_BHc_11_pozycja_robocza-1024x683.jpg\" alt=\"\" class=\"wp-image-351\" srcset=\"https:\/\/bjorkedalhandel.se\/wp-content\/uploads\/2019\/08\/KR\u00d3LIK_Belka-herbicydowa_BHc_11_pozycja_robocza-1024x683.jpg 1024w, https:\/\/bjorkedalhandel.se\/wp-content\/uploads\/2019\/08\/KR\u00d3LIK_Belka-herbicydowa_BHc_11_pozycja_robocza-300x200.jpg 300w, https:\/\/bjorkedalhandel.se\/wp-content\/uploads\/2019\/08\/KR\u00d3LIK_Belka-herbicydowa_BHc_11_pozycja_robocza-768x512.jpg 768w, https:\/\/bjorkedalhandel.se\/wp-content\/uploads\/2019\/08\/KR\u00d3LIK_Belka-herbicydowa_BHc_11_pozycja_robocza-600x400.jpg 600w\" sizes=\"(max-width: 1024px) 100vw, 1024px\" \/><\/figure>\n\n\n\n<p><strong>BHc<\/strong> \u00e4r \u00e4ven den  manuellt inst\u00e4llningsbar, men p\u00e5grund av st\u00f6dhjulen och konstruktionen av f\u00e4stet kan sprutmunstyckena h\u00e5llas i samma arbetsh\u00f6jd och parallellt till marken. <\/p>\n\n\n\n<figure class=\"wp-block-image\"><img decoding=\"async\" loading=\"lazy\" width=\"1024\" height=\"683\" src=\"https:\/\/bjorkedalhandel.se\/wp-content\/uploads\/2019\/08\/KR\u00d3LIK_Belka-herbicydowa_BHh_13-1024x683.jpg\" alt=\"\" class=\"wp-image-352\" srcset=\"https:\/\/bjorkedalhandel.se\/wp-content\/uploads\/2019\/08\/KR\u00d3LIK_Belka-herbicydowa_BHh_13-1024x683.jpg 1024w, https:\/\/bjorkedalhandel.se\/wp-content\/uploads\/2019\/08\/KR\u00d3LIK_Belka-herbicydowa_BHh_13-300x200.jpg 300w, https:\/\/bjorkedalhandel.se\/wp-content\/uploads\/2019\/08\/KR\u00d3LIK_Belka-herbicydowa_BHh_13-768x512.jpg 768w, https:\/\/bjorkedalhandel.se\/wp-content\/uploads\/2019\/08\/KR\u00d3LIK_Belka-herbicydowa_BHh_13-600x400.jpg 600w\" sizes=\"(max-width: 1024px) 100vw, 1024px\" \/><\/figure>\n\n\n\n<p><strong>BHh<\/strong> \u00e4r den mest avancerade modellen, d\u00e4r arbetsbredd och h\u00f6jd styrs hydrauliskt.  B\u00e5de h\u00f6ger och v\u00e4nster sprutbom styrs  individuellt.  Modellen \u00e4r helt galvaniserad. <\/p>\n\n\n\n<figure class=\"wp-block-image\"><img decoding=\"async\" loading=\"lazy\" width=\"1024\" height=\"576\" src=\"https:\/\/bjorkedalhandel.se\/wp-content\/uploads\/2019\/08\/KR\u00d3LIK_Belka-herbicydowa_BHt_14-1024x576.jpg\" alt=\"\" class=\"wp-image-353\" srcset=\"https:\/\/bjorkedalhandel.se\/wp-content\/uploads\/2019\/08\/KR\u00d3LIK_Belka-herbicydowa_BHt_14-1024x576.jpg 1024w, https:\/\/bjorkedalhandel.se\/wp-content\/uploads\/2019\/08\/KR\u00d3LIK_Belka-herbicydowa_BHt_14-300x169.jpg 300w, https:\/\/bjorkedalhandel.se\/wp-content\/uploads\/2019\/08\/KR\u00d3LIK_Belka-herbicydowa_BHt_14-768x432.jpg 768w, https:\/\/bjorkedalhandel.se\/wp-content\/uploads\/2019\/08\/KR\u00d3LIK_Belka-herbicydowa_BHt_14-600x338.jpg 600w\" sizes=\"(max-width: 1024px) 100vw, 1024px\" \/><\/figure>\n\n\n\n<p><strong>BHt<\/strong> \u00e4r en f\u00f6renklad hydraulisk modell d\u00e4r arbetsh\u00f6jden st\u00e4lls in med hj\u00e4lp av frontlyften. Detta inneb\u00e4r att h\u00f6ger och v\u00e4nster sprutbom inte kan st\u00e4llas in p\u00e5 individuella h\u00f6jdinst\u00e4llningar. <\/p>\n\n\n<div class=\"wpforms-container wpforms-container-full wpforms-block\" id=\"wpforms-566\"><form id=\"wpforms-form-566\" class=\"wpforms-validate wpforms-form\" data-formid=\"566\" method=\"post\" enctype=\"multipart\/form-data\" action=\"\/index.php\/wp-json\/wp\/v2\/pages\/328\" data-token=\"6f9df3c3139f37061ca0dd5f33c9c874\"><noscript class=\"wpforms-error-noscript\">Aktivera JavaScript i din webbl\u00e4sare f\u00f6r att slutf\u00f6ra detta formul\u00e4r.<\/noscript><div class=\"wpforms-field-container\"><div id=\"wpforms-566-field_0-container\" class=\"wpforms-field wpforms-field-name wpforms-one-third wpforms-first wpforms-one-half\" data-field-id=\"0\"><label class=\"wpforms-field-label\" for=\"wpforms-566-field_0\">Namn <span class=\"wpforms-required-label\">*<\/span><\/label><input type=\"text\" id=\"wpforms-566-field_0\" class=\"wpforms-field-medium wpforms-field-required\" name=\"wpforms[fields][0]\" required><\/div><div id=\"wpforms-566-field_1-container\" class=\"wpforms-field wpforms-field-email\" data-field-id=\"1\"><label class=\"wpforms-field-label\" for=\"wpforms-566-field_1\">Email <span class=\"wpforms-required-label\">*<\/span><\/label><input type=\"email\" id=\"wpforms-566-field_1\" class=\"wpforms-field-medium wpforms-field-required\" name=\"wpforms[fields][1]\" spellcheck=\"false\" required><\/div><div id=\"wpforms-566-field_5-container\" class=\"wpforms-field wpforms-field-textarea\" data-field-id=\"5\"><label class=\"wpforms-field-label\" for=\"wpforms-566-field_5\">Meddelande <span class=\"wpforms-required-label\">*<\/span><\/label><textarea id=\"wpforms-566-field_5\" class=\"wpforms-field-medium wpforms-field-required\" name=\"wpforms[fields][5]\" required><\/textarea><\/div><\/div><!-- .wpforms-field-container --><div class=\"wpforms-submit-container\" ><input type=\"hidden\" name=\"wpforms[id]\" value=\"566\"><input type=\"hidden\" name=\"wpforms[author]\" value=\"1\"><button type=\"submit\" name=\"wpforms[submit]\" id=\"wpforms-submit-566\" class=\"wpforms-submit\" data-alt-text=\"Sending...\" data-submit-text=\"Skicka\" aria-live=\"assertive\" value=\"wpforms-submit\">Skicka<\/button><\/div><\/form><\/div>  <!-- .wpforms-container -->","protected":false},"excerpt":{"rendered":"<p>Kr\u00f3lik erbjuder fyra olika modeller av sprutbommar f\u00f6r ogr\u00e4sbek\u00e4mpning. Gemensamt f\u00f6r alla modeller \u00e4r att det \u00e4r m\u00f6jligt att f\u00e5 med 2,3 eller 4 sprutmunstycken, antalet som passar b\u00e4st till din odling beror p\u00e5 ditt radavst\u00e5nd. BHz \u00e4r den simplaste modellen, b\u00e5de arbetsbredden och arbetsh\u00f6jden st\u00e4lls in manuellt. BHc \u00e4r \u00e4ven den manuellt inst\u00e4llningsbar, men [&hellip;]<\/p>\n","protected":false},"author":1,"featured_media":0,"parent":317,"menu_order":0,"comment_status":"closed","ping_status":"closed","template":"","meta":{"footnotes":""},"jetpack_sharing_enabled":true,"jetpack_shortlink":"https:\/\/wp.me\/PaLEM1-5i","_links":{"self":[{"href":"https:\/\/bjorkedalhandel.se\/index.php\/wp-json\/wp\/v2\/pages\/328"}],"collection":[{"href":"https:\/\/bjorkedalhandel.se\/index.php\/wp-json\/wp\/v2\/pages"}],"about":[{"href":"https:\/\/bjorkedalhandel.se\/index.php\/wp-json\/wp\/v2\/types\/page"}],"author":[{"embeddable":true,"href":"https:\/\/bjorkedalhandel.se\/index.php\/wp-json\/wp\/v2\/users\/1"}],"replies":[{"embeddable":true,"href":"https:\/\/bjorkedalhandel.se\/index.php\/wp-json\/wp\/v2\/comments?post=328"}],"version-history":[{"count":5,"href":"https:\/\/bjorkedalhandel.se\/index.php\/wp-json\/wp\/v2\/pages\/328\/revisions"}],"predecessor-version":[{"id":576,"href":"https:\/\/bjorkedalhandel.se\/index.php\/wp-json\/wp\/v2\/pages\/328\/revisions\/576"}],"up":[{"embeddable":true,"href":"https:\/\/bjorkedalhandel.se\/index.php\/wp-json\/wp\/v2\/pages\/317"}],"wp:attachment":[{"href":"https:\/\/bjorkedalhandel.se\/index.php\/wp-json\/wp\/v2\/media?parent=328"}],"curies":[{"name":"wp","href":"https:\/\/api.w.org\/{rel}","templated":true}]}}