{"id":365,"date":"2019-08-14T21:55:43","date_gmt":"2019-08-14T19:55:43","guid":{"rendered":"https:\/\/bjorkedalhandel.se\/?page_id=365"},"modified":"2020-11-14T14:22:25","modified_gmt":"2020-11-14T13:22:25","slug":"skyddshandskar","status":"publish","type":"page","link":"https:\/\/bjorkedalhandel.se\/index.php\/produkter\/handskar\/skyddshandskar\/","title":{"rendered":"Skyddshandskar"},"content":{"rendered":"\n<figure class=\"wp-block-gallery columns-2 is-cropped wp-block-gallery-1 is-layout-flex wp-block-gallery-is-layout-flex\"><ul class=\"blocks-gallery-grid\"><li class=\"blocks-gallery-item\"><figure><img decoding=\"async\" loading=\"lazy\" width=\"465\" height=\"465\" src=\"https:\/\/bjorkedalhandel.se\/wp-content\/uploads\/2019\/08\/114.950.jpg\" alt=\"\" data-id=\"366\" data-link=\"https:\/\/bjorkedalhandel.se\/?attachment_id=366\" class=\"wp-image-366\" srcset=\"https:\/\/bjorkedalhandel.se\/wp-content\/uploads\/2019\/08\/114.950.jpg 465w, https:\/\/bjorkedalhandel.se\/wp-content\/uploads\/2019\/08\/114.950-150x150.jpg 150w, https:\/\/bjorkedalhandel.se\/wp-content\/uploads\/2019\/08\/114.950-300x300.jpg 300w, https:\/\/bjorkedalhandel.se\/wp-content\/uploads\/2019\/08\/114.950-100x100.jpg 100w\" sizes=\"(max-width: 465px) 100vw, 465px\" \/><\/figure><\/li><li class=\"blocks-gallery-item\"><figure><img decoding=\"async\" loading=\"lazy\" width=\"465\" height=\"465\" src=\"https:\/\/bjorkedalhandel.se\/wp-content\/uploads\/2019\/08\/114.1000-1.jpg\" alt=\"\" data-id=\"367\" data-link=\"https:\/\/bjorkedalhandel.se\/?attachment_id=367\" class=\"wp-image-367\" srcset=\"https:\/\/bjorkedalhandel.se\/wp-content\/uploads\/2019\/08\/114.1000-1.jpg 465w, https:\/\/bjorkedalhandel.se\/wp-content\/uploads\/2019\/08\/114.1000-1-150x150.jpg 150w, https:\/\/bjorkedalhandel.se\/wp-content\/uploads\/2019\/08\/114.1000-1-300x300.jpg 300w, https:\/\/bjorkedalhandel.se\/wp-content\/uploads\/2019\/08\/114.1000-1-100x100.jpg 100w\" sizes=\"(max-width: 465px) 100vw, 465px\" \/><\/figure><\/li><\/ul><\/figure>\n\n\n\n<p><strong>Kemikalieresistenta eng\u00e5ngshandskar<\/strong> <\/p>\n\n\n\n<ul><li>Extra tjocka och starka.<\/li><li>Mikroruggad ytstruktur f\u00f6r&nbsp;b\u00e4ttre grepp.&nbsp;<\/li><li>Best\u00e4ndighet mot fett, reng\u00f6ringsmedel och&nbsp;kemikalier (EN374).&nbsp;&nbsp;&nbsp;&nbsp;&nbsp;&nbsp;&nbsp;&nbsp;&nbsp;&nbsp;&nbsp;&nbsp;&nbsp;&nbsp;<\/li><li>Silikonfria.&nbsp;&nbsp;&nbsp;&nbsp;&nbsp;&nbsp;&nbsp;&nbsp;<\/li><li>Godk\u00e4nda f\u00f6r medicinsk anv\u00e4ndning (EN455).&nbsp;<\/li><li>Vikt 11.4 \u00b1 0,3 g. <\/li><\/ul>\n\n\n\n<p><strong>Kemikalieresistenta handskar <\/strong><\/p>\n\n\n\n<ul><li>Skyddar mot v\u00e4ta, kemikalier, smuts, bensin, olja och l\u00f6sningsmedel (EN 374).<\/li><li>God anatomisk passform f\u00f6r st\u00f6rsta m\u00f6jliga komfort.&nbsp;<\/li><li>Handskarnas mjukhet och den greppm\u00f6nstrade innerhanden ger ett bra v\u00e5t- och torrgrepp.&nbsp;<\/li><li>H\u00f6gt n\u00f6tningsmotst\u00e5nd ger slitstarka handskar.&nbsp;<\/li><li>Godk\u00e4nda f\u00f6r anv\u00e4ndning i direkt kontakt med alla typer av livsmedel, inklusive livsmedel med h\u00f6g fetthalt (EN 1186).<\/li><li><\/li><\/ul>\n\n\n<div class=\"wpforms-container wpforms-container-full wpforms-block\" id=\"wpforms-566\"><form id=\"wpforms-form-566\" class=\"wpforms-validate wpforms-form\" data-formid=\"566\" method=\"post\" enctype=\"multipart\/form-data\" action=\"\/index.php\/wp-json\/wp\/v2\/pages\/365\" data-token=\"6f9df3c3139f37061ca0dd5f33c9c874\"><noscript class=\"wpforms-error-noscript\">Aktivera JavaScript i din webbl\u00e4sare f\u00f6r att slutf\u00f6ra detta formul\u00e4r.<\/noscript><div class=\"wpforms-field-container\"><div id=\"wpforms-566-field_0-container\" class=\"wpforms-field wpforms-field-name wpforms-one-third wpforms-first wpforms-one-half\" data-field-id=\"0\"><label class=\"wpforms-field-label\" for=\"wpforms-566-field_0\">Namn <span class=\"wpforms-required-label\">*<\/span><\/label><input type=\"text\" id=\"wpforms-566-field_0\" class=\"wpforms-field-medium wpforms-field-required\" name=\"wpforms[fields][0]\" required><\/div><div id=\"wpforms-566-field_1-container\" class=\"wpforms-field wpforms-field-email\" data-field-id=\"1\"><label class=\"wpforms-field-label\" for=\"wpforms-566-field_1\">Email <span class=\"wpforms-required-label\">*<\/span><\/label><input type=\"email\" id=\"wpforms-566-field_1\" class=\"wpforms-field-medium wpforms-field-required\" name=\"wpforms[fields][1]\" spellcheck=\"false\" required><\/div><div id=\"wpforms-566-field_5-container\" class=\"wpforms-field wpforms-field-textarea\" data-field-id=\"5\"><label class=\"wpforms-field-label\" for=\"wpforms-566-field_5\">Meddelande <span class=\"wpforms-required-label\">*<\/span><\/label><textarea id=\"wpforms-566-field_5\" class=\"wpforms-field-medium wpforms-field-required\" name=\"wpforms[fields][5]\" required><\/textarea><\/div><\/div><!-- .wpforms-field-container --><div class=\"wpforms-submit-container\" ><input type=\"hidden\" name=\"wpforms[id]\" value=\"566\"><input type=\"hidden\" name=\"wpforms[author]\" value=\"1\"><button type=\"submit\" name=\"wpforms[submit]\" id=\"wpforms-submit-566\" class=\"wpforms-submit\" data-alt-text=\"Sending...\" data-submit-text=\"Skicka\" aria-live=\"assertive\" value=\"wpforms-submit\">Skicka<\/button><\/div><\/form><\/div>  <!-- .wpforms-container -->","protected":false},"excerpt":{"rendered":"<p>Kemikalieresistenta eng\u00e5ngshandskar Extra tjocka och starka. Mikroruggad ytstruktur f\u00f6r&nbsp;b\u00e4ttre grepp.&nbsp; Best\u00e4ndighet mot fett, reng\u00f6ringsmedel och&nbsp;kemikalier (EN374).&nbsp;&nbsp;&nbsp;&nbsp;&nbsp;&nbsp;&nbsp;&nbsp;&nbsp;&nbsp;&nbsp;&nbsp;&nbsp;&nbsp; Silikonfria.&nbsp;&nbsp;&nbsp;&nbsp;&nbsp;&nbsp;&nbsp;&nbsp; Godk\u00e4nda f\u00f6r medicinsk anv\u00e4ndning (EN455).&nbsp; Vikt 11.4 \u00b1 0,3 g. Kemikalieresistenta handskar Skyddar mot v\u00e4ta, kemikalier, smuts, bensin, olja och l\u00f6sningsmedel (EN 374). God anatomisk passform f\u00f6r st\u00f6rsta m\u00f6jliga komfort.&nbsp; Handskarnas mjukhet och den greppm\u00f6nstrade innerhanden ger ett [&hellip;]<\/p>\n","protected":false},"author":1,"featured_media":0,"parent":357,"menu_order":0,"comment_status":"closed","ping_status":"closed","template":"","meta":{"footnotes":""},"jetpack_sharing_enabled":true,"jetpack_shortlink":"https:\/\/wp.me\/PaLEM1-5T","_links":{"self":[{"href":"https:\/\/bjorkedalhandel.se\/index.php\/wp-json\/wp\/v2\/pages\/365"}],"collection":[{"href":"https:\/\/bjorkedalhandel.se\/index.php\/wp-json\/wp\/v2\/pages"}],"about":[{"href":"https:\/\/bjorkedalhandel.se\/index.php\/wp-json\/wp\/v2\/types\/page"}],"author":[{"embeddable":true,"href":"https:\/\/bjorkedalhandel.se\/index.php\/wp-json\/wp\/v2\/users\/1"}],"replies":[{"embeddable":true,"href":"https:\/\/bjorkedalhandel.se\/index.php\/wp-json\/wp\/v2\/comments?post=365"}],"version-history":[{"count":2,"href":"https:\/\/bjorkedalhandel.se\/index.php\/wp-json\/wp\/v2\/pages\/365\/revisions"}],"predecessor-version":[{"id":583,"href":"https:\/\/bjorkedalhandel.se\/index.php\/wp-json\/wp\/v2\/pages\/365\/revisions\/583"}],"up":[{"embeddable":true,"href":"https:\/\/bjorkedalhandel.se\/index.php\/wp-json\/wp\/v2\/pages\/357"}],"wp:attachment":[{"href":"https:\/\/bjorkedalhandel.se\/index.php\/wp-json\/wp\/v2\/media?parent=365"}],"curies":[{"name":"wp","href":"https:\/\/api.w.org\/{rel}","templated":true}]}}