{"id":584,"date":"2020-11-15T11:40:25","date_gmt":"2020-11-15T10:40:25","guid":{"rendered":"https:\/\/bjorkedalhandel.se\/?page_id=584"},"modified":"2020-11-15T11:50:08","modified_gmt":"2020-11-15T10:50:08","slug":"rinieri","status":"publish","type":"page","link":"https:\/\/bjorkedalhandel.se\/index.php\/maskiner\/rinieri\/","title":{"rendered":"Rinieri"},"content":{"rendered":"\n<p><strong>Rinieri<\/strong>&nbsp;erbjuder ett stort sortiment av produkter f\u00f6r bland annat mekanisk ogr\u00e4sbek\u00e4mpning, mekanisk besk\u00e4rning, gr\u00f6nytev\u00e5rd och markbearbetning. <\/p>\n\n\n\n<p>F\u00f6r att ta del av Rinieris hela utbud av maskiner: <a href=\"https:\/\/www.rinieri.com\/en\/products\/\">https:\/\/www.rinieri.com\/en\/products\/<\/a><\/p>\n\n\n\n<p><strong>Mekanisk ogr\u00e4sbek\u00e4mpning<\/strong><\/p>\n\n\n\n<figure class=\"wp-block-image size-large\"><a href=\"https:\/\/bjorkedalhandel.se\/index.php\/maskiner\/rinieri\/rinieri-bio-dynamic\/\"><img decoding=\"async\" loading=\"lazy\" width=\"1000\" height=\"562\" src=\"https:\/\/bjorkedalhandel.se\/wp-content\/uploads\/2020\/11\/Rinieri-ograsbekampning.jpg\" alt=\"\" class=\"wp-image-585\" srcset=\"https:\/\/bjorkedalhandel.se\/wp-content\/uploads\/2020\/11\/Rinieri-ograsbekampning.jpg 1000w, https:\/\/bjorkedalhandel.se\/wp-content\/uploads\/2020\/11\/Rinieri-ograsbekampning-300x169.jpg 300w, https:\/\/bjorkedalhandel.se\/wp-content\/uploads\/2020\/11\/Rinieri-ograsbekampning-768x432.jpg 768w, https:\/\/bjorkedalhandel.se\/wp-content\/uploads\/2020\/11\/Rinieri-ograsbekampning-600x337.jpg 600w\" sizes=\"(max-width: 1000px) 100vw, 1000px\" \/><\/a><figcaption>Rinieri Bio-Dynamic<\/figcaption><\/figure>\n\n\n\n<p>Olika l\u00f6sningar f\u00f6r fruktodling, vinodling och frilandsodling av b\u00e4r kan vi l\u00f6sa med ett stort utbud av olika arbetshuvud f\u00f6r maskinerna. <\/p>\n\n\n\n<p><strong>Mekanisk besk\u00e4rning<\/strong><\/p>\n\n\n\n<figure class=\"wp-block-image size-large is-resized\"><a href=\"https:\/\/bjorkedalhandel.se\/index.php\/maskiner\/rinieri\/rinieri-crf\/\"><img decoding=\"async\" loading=\"lazy\" src=\"https:\/\/bjorkedalhandel.se\/wp-content\/uploads\/2020\/11\/rinieri-mekanisk-besk.jpg\" alt=\"\" class=\"wp-image-586\" width=\"349\" height=\"465\" srcset=\"https:\/\/bjorkedalhandel.se\/wp-content\/uploads\/2020\/11\/rinieri-mekanisk-besk.jpg 375w, https:\/\/bjorkedalhandel.se\/wp-content\/uploads\/2020\/11\/rinieri-mekanisk-besk-225x300.jpg 225w\" sizes=\"(max-width: 349px) 100vw, 349px\" \/><\/a><figcaption>Rinieri CRF<\/figcaption><\/figure>\n\n\n\n<p>Med de \u00f6kade personalkostnaderna s\u00e5 blir det mer och mer intressant med olika maskiner som iallafall delvis kan minska den manuella besk\u00e4rningen. rinieri har flera olika maskiner som kan uppfylla detta syfte. <\/p>\n\n\n\n<p><strong>Gr\u00f6nytev\u00e5rd<\/strong><\/p>\n\n\n\n<figure class=\"wp-block-image size-large\"><a href=\"https:\/\/bjorkedalhandel.se\/index.php\/maskiner\/rinieri\/rinieri-trl-b\/\"><img decoding=\"async\" loading=\"lazy\" width=\"700\" height=\"465\" src=\"https:\/\/bjorkedalhandel.se\/wp-content\/uploads\/2020\/11\/Rinieri-sweeper.jpg\" alt=\"\" class=\"wp-image-587\" srcset=\"https:\/\/bjorkedalhandel.se\/wp-content\/uploads\/2020\/11\/Rinieri-sweeper.jpg 700w, https:\/\/bjorkedalhandel.se\/wp-content\/uploads\/2020\/11\/Rinieri-sweeper-300x199.jpg 300w, https:\/\/bjorkedalhandel.se\/wp-content\/uploads\/2020\/11\/Rinieri-sweeper-600x399.jpg 600w\" sizes=\"(max-width: 700px) 100vw, 700px\" \/><\/a><figcaption>Rinieri AN 2 sweeper<\/figcaption><\/figure>\n\n\n\n<p>Genom Rinieri kan vi \u00e4ven erbjuda grenkrossar, gr\u00e4sklippare, v\u00e4gkantssl\u00e5tter, grenborstar och h\u00e4ckklippare. <\/p>\n\n\n\n<p><\/p>\n\n\n\n<p><\/p>\n","protected":false},"excerpt":{"rendered":"<p>Rinieri&nbsp;erbjuder ett stort sortiment av produkter f\u00f6r bland annat mekanisk ogr\u00e4sbek\u00e4mpning, mekanisk besk\u00e4rning, gr\u00f6nytev\u00e5rd och markbearbetning. F\u00f6r att ta del av Rinieris hela utbud av maskiner: https:\/\/www.rinieri.com\/en\/products\/ Mekanisk ogr\u00e4sbek\u00e4mpning Olika l\u00f6sningar f\u00f6r fruktodling, vinodling och frilandsodling av b\u00e4r kan vi l\u00f6sa med ett stort utbud av olika arbetshuvud f\u00f6r maskinerna. Mekanisk besk\u00e4rning Med de \u00f6kade [&hellip;]<\/p>\n","protected":false},"author":1,"featured_media":0,"parent":266,"menu_order":0,"comment_status":"closed","ping_status":"closed","template":"","meta":{"footnotes":""},"jetpack_sharing_enabled":true,"jetpack_shortlink":"https:\/\/wp.me\/PaLEM1-9q","_links":{"self":[{"href":"https:\/\/bjorkedalhandel.se\/index.php\/wp-json\/wp\/v2\/pages\/584"}],"collection":[{"href":"https:\/\/bjorkedalhandel.se\/index.php\/wp-json\/wp\/v2\/pages"}],"about":[{"href":"https:\/\/bjorkedalhandel.se\/index.php\/wp-json\/wp\/v2\/types\/page"}],"author":[{"embeddable":true,"href":"https:\/\/bjorkedalhandel.se\/index.php\/wp-json\/wp\/v2\/users\/1"}],"replies":[{"embeddable":true,"href":"https:\/\/bjorkedalhandel.se\/index.php\/wp-json\/wp\/v2\/comments?post=584"}],"version-history":[{"count":5,"href":"https:\/\/bjorkedalhandel.se\/index.php\/wp-json\/wp\/v2\/pages\/584\/revisions"}],"predecessor-version":[{"id":623,"href":"https:\/\/bjorkedalhandel.se\/index.php\/wp-json\/wp\/v2\/pages\/584\/revisions\/623"}],"up":[{"embeddable":true,"href":"https:\/\/bjorkedalhandel.se\/index.php\/wp-json\/wp\/v2\/pages\/266"}],"wp:attachment":[{"href":"https:\/\/bjorkedalhandel.se\/index.php\/wp-json\/wp\/v2\/media?parent=584"}],"curies":[{"name":"wp","href":"https:\/\/api.w.org\/{rel}","templated":true}]}}