{"id":589,"date":"2020-11-14T16:35:36","date_gmt":"2020-11-14T15:35:36","guid":{"rendered":"https:\/\/bjorkedalhandel.se\/?page_id=589"},"modified":"2020-11-15T11:43:20","modified_gmt":"2020-11-15T10:43:20","slug":"rinieri-bio-dynamic","status":"publish","type":"page","link":"https:\/\/bjorkedalhandel.se\/index.php\/maskiner\/rinieri\/rinieri-bio-dynamic\/","title":{"rendered":"Rinieri Bio-Dynamic"},"content":{"rendered":"\n<figure class=\"wp-block-image size-large\"><img decoding=\"async\" loading=\"lazy\" width=\"800\" height=\"450\" src=\"https:\/\/bjorkedalhandel.se\/wp-content\/uploads\/2020\/11\/Rinieri-bio-dynamic.jpg\" alt=\"\" class=\"wp-image-590\" srcset=\"https:\/\/bjorkedalhandel.se\/wp-content\/uploads\/2020\/11\/Rinieri-bio-dynamic.jpg 800w, https:\/\/bjorkedalhandel.se\/wp-content\/uploads\/2020\/11\/Rinieri-bio-dynamic-300x169.jpg 300w, https:\/\/bjorkedalhandel.se\/wp-content\/uploads\/2020\/11\/Rinieri-bio-dynamic-768x432.jpg 768w, https:\/\/bjorkedalhandel.se\/wp-content\/uploads\/2020\/11\/Rinieri-bio-dynamic-600x338.jpg 600w\" sizes=\"(max-width: 800px) 100vw, 800px\" \/><\/figure>\n\n\n\n<p>Denna maskinen \u00e4r utformad f\u00f6r att kunna ogr\u00e4sbek\u00e4mpa i h\u00f6g hastighet, med arbetshastighet upp till 12km\/h. <\/p>\n\n\n\n<p>Maskinen har hydraulisk sidof\u00f6rflyttning och det \u00e4r m\u00f6jligt att v\u00e4lja mellan manuell och hydraulisk inst\u00e4llning av lutning p\u00e5 arbetsverktyg. <\/p>\n\n\n\n<p>Bio-Dynamic \u00e4r utrustad med tv\u00e5 arbetsverktyg, Bio-Discs som kultiverar jorden n\u00e4rmast gr\u00e4sbanan medan fingerhjulet rensar jorden mellan tr\u00e4den. <\/p>\n\n\n\n<p>Bio-Dynamic finns i b\u00e5de ensidigt och dubbelradigt utf\u00f6rande. Maskinen kan monteras med 2-4 diskar och fingerhjul i tre storlekar 540,700 eller 950mm. Fingerhjulen finns i tre olika grader av h\u00e5rdhet: mjuk, medium och h\u00e5rd. <\/p>\n\n\n\n<figure class=\"wp-block-video\"><video controls src=\"https:\/\/bjorkedalhandel.se\/wp-content\/uploads\/2020\/11\/video-1605367376.mp4\"><\/video><\/figure>\n\n\n\n<figure class=\"wp-block-video\"><video controls src=\"https:\/\/bjorkedalhandel.se\/wp-content\/uploads\/2020\/11\/video-1605367348.mp4\"><\/video><\/figure>\n\n\n<div class=\"wpforms-container wpforms-container-full wpforms-block\" id=\"wpforms-566\"><form id=\"wpforms-form-566\" class=\"wpforms-validate wpforms-form\" data-formid=\"566\" method=\"post\" enctype=\"multipart\/form-data\" action=\"\/index.php\/wp-json\/wp\/v2\/pages\/589\" data-token=\"6f9df3c3139f37061ca0dd5f33c9c874\"><noscript class=\"wpforms-error-noscript\">Aktivera JavaScript i din webbl\u00e4sare f\u00f6r att slutf\u00f6ra detta formul\u00e4r.<\/noscript><div class=\"wpforms-field-container\"><div id=\"wpforms-566-field_0-container\" class=\"wpforms-field wpforms-field-name wpforms-one-third wpforms-first wpforms-one-half\" data-field-id=\"0\"><label class=\"wpforms-field-label\" for=\"wpforms-566-field_0\">Namn <span class=\"wpforms-required-label\">*<\/span><\/label><input type=\"text\" id=\"wpforms-566-field_0\" class=\"wpforms-field-medium wpforms-field-required\" name=\"wpforms[fields][0]\" required><\/div><div id=\"wpforms-566-field_1-container\" class=\"wpforms-field wpforms-field-email\" data-field-id=\"1\"><label class=\"wpforms-field-label\" for=\"wpforms-566-field_1\">Email <span class=\"wpforms-required-label\">*<\/span><\/label><input type=\"email\" id=\"wpforms-566-field_1\" class=\"wpforms-field-medium wpforms-field-required\" name=\"wpforms[fields][1]\" spellcheck=\"false\" required><\/div><div id=\"wpforms-566-field_5-container\" class=\"wpforms-field wpforms-field-textarea\" data-field-id=\"5\"><label class=\"wpforms-field-label\" for=\"wpforms-566-field_5\">Meddelande <span class=\"wpforms-required-label\">*<\/span><\/label><textarea id=\"wpforms-566-field_5\" class=\"wpforms-field-medium wpforms-field-required\" name=\"wpforms[fields][5]\" required><\/textarea><\/div><\/div><!-- .wpforms-field-container --><div class=\"wpforms-submit-container\" ><input type=\"hidden\" name=\"wpforms[id]\" value=\"566\"><input type=\"hidden\" name=\"wpforms[author]\" value=\"1\"><button type=\"submit\" name=\"wpforms[submit]\" id=\"wpforms-submit-566\" class=\"wpforms-submit\" data-alt-text=\"Sending...\" data-submit-text=\"Skicka\" aria-live=\"assertive\" value=\"wpforms-submit\">Skicka<\/button><\/div><\/form><\/div>  <!-- .wpforms-container -->","protected":false},"excerpt":{"rendered":"<p>Denna maskinen \u00e4r utformad f\u00f6r att kunna ogr\u00e4sbek\u00e4mpa i h\u00f6g hastighet, med arbetshastighet upp till 12km\/h. Maskinen har hydraulisk sidof\u00f6rflyttning och det \u00e4r m\u00f6jligt att v\u00e4lja mellan manuell och hydraulisk inst\u00e4llning av lutning p\u00e5 arbetsverktyg. Bio-Dynamic \u00e4r utrustad med tv\u00e5 arbetsverktyg, Bio-Discs som kultiverar jorden n\u00e4rmast gr\u00e4sbanan medan fingerhjulet rensar jorden mellan tr\u00e4den. Bio-Dynamic finns [&hellip;]<\/p>\n","protected":false},"author":1,"featured_media":0,"parent":584,"menu_order":0,"comment_status":"closed","ping_status":"closed","template":"","meta":{"footnotes":""},"jetpack_sharing_enabled":true,"jetpack_shortlink":"https:\/\/wp.me\/PaLEM1-9v","_links":{"self":[{"href":"https:\/\/bjorkedalhandel.se\/index.php\/wp-json\/wp\/v2\/pages\/589"}],"collection":[{"href":"https:\/\/bjorkedalhandel.se\/index.php\/wp-json\/wp\/v2\/pages"}],"about":[{"href":"https:\/\/bjorkedalhandel.se\/index.php\/wp-json\/wp\/v2\/types\/page"}],"author":[{"embeddable":true,"href":"https:\/\/bjorkedalhandel.se\/index.php\/wp-json\/wp\/v2\/users\/1"}],"replies":[{"embeddable":true,"href":"https:\/\/bjorkedalhandel.se\/index.php\/wp-json\/wp\/v2\/comments?post=589"}],"version-history":[{"count":1,"href":"https:\/\/bjorkedalhandel.se\/index.php\/wp-json\/wp\/v2\/pages\/589\/revisions"}],"predecessor-version":[{"id":593,"href":"https:\/\/bjorkedalhandel.se\/index.php\/wp-json\/wp\/v2\/pages\/589\/revisions\/593"}],"up":[{"embeddable":true,"href":"https:\/\/bjorkedalhandel.se\/index.php\/wp-json\/wp\/v2\/pages\/584"}],"wp:attachment":[{"href":"https:\/\/bjorkedalhandel.se\/index.php\/wp-json\/wp\/v2\/media?parent=589"}],"curies":[{"name":"wp","href":"https:\/\/api.w.org\/{rel}","templated":true}]}}