{"id":594,"date":"2020-11-14T16:55:03","date_gmt":"2020-11-14T15:55:03","guid":{"rendered":"https:\/\/bjorkedalhandel.se\/?page_id=594"},"modified":"2020-11-15T11:43:36","modified_gmt":"2020-11-15T10:43:36","slug":"rinieri-trl-b","status":"publish","type":"page","link":"https:\/\/bjorkedalhandel.se\/index.php\/maskiner\/rinieri\/rinieri-trl-b\/","title":{"rendered":"Rinieri TRL-B"},"content":{"rendered":"\n<figure class=\"wp-block-image size-large\"><img decoding=\"async\" loading=\"lazy\" width=\"700\" height=\"399\" src=\"https:\/\/bjorkedalhandel.se\/wp-content\/uploads\/2020\/11\/trl-b.jpg\" alt=\"\" class=\"wp-image-595\" srcset=\"https:\/\/bjorkedalhandel.se\/wp-content\/uploads\/2020\/11\/trl-b.jpg 700w, https:\/\/bjorkedalhandel.se\/wp-content\/uploads\/2020\/11\/trl-b-300x171.jpg 300w, https:\/\/bjorkedalhandel.se\/wp-content\/uploads\/2020\/11\/trl-b-600x342.jpg 600w\" sizes=\"(max-width: 700px) 100vw, 700px\" \/><figcaption>Rinieri TRL-B<\/figcaption><\/figure>\n\n\n\n<p>Rinieri erbjuder ett stort utbud av grenkrossar och f\u00f6r att se hela utbudet: https:\/\/www.rinieri.com\/en\/products\/shredders&#8211;rotary-mower\/<\/p>\n\n\n\n<p>Modellen TRL-B \u00e4r anpassad f\u00f6r att passa v\u00e4l i moderna odlingar, med sina l\u00e5ga profil d\u00e4r den h\u00f6gsta sidan av maskinen \u00e4r 53cm. Fyra storleksmodeller fr\u00e5n 127cm klippbredd till 200cm klippbredd. <\/p>\n\n\n\n<p>Hammarknivarna har en vikt p\u00e5 1.7kg och klarar av att krossa tr\u00e4d upp till 8cm diameter.  Standardutrustad med grenr\u00e4fsa och v\u00e4lt. <\/p>\n\n\n\n<p>I standardutf\u00f6rande s\u00e5 har maskinen manuell sidof\u00f6rflyttning men det \u00e4r m\u00f6jligt att v\u00e4lja till hydraulisk sidof\u00f6rflyttning. <\/p>\n\n\n\n<figure class=\"wp-block-embed-youtube wp-block-embed is-type-video is-provider-youtube wp-embed-aspect-16-9 wp-has-aspect-ratio\"><div class=\"wp-block-embed__wrapper\">\n<div class=\"jetpack-video-wrapper\"><span class=\"embed-youtube\" style=\"text-align:center; display: block;\"><iframe loading=\"lazy\" class=\"youtube-player\" width=\"1170\" height=\"659\" src=\"https:\/\/www.youtube.com\/embed\/Dnn2fuxlV1w?version=3&#038;rel=1&#038;showsearch=0&#038;showinfo=1&#038;iv_load_policy=1&#038;fs=1&#038;hl=sv-SE&#038;autohide=2&#038;wmode=transparent\" allowfullscreen=\"true\" style=\"border:0;\" sandbox=\"allow-scripts allow-same-origin allow-popups allow-presentation\"><\/iframe><\/span><\/div>\n<\/div><figcaption>Rinieri  TRL-b + AN2 sweeper<\/figcaption><\/figure>\n\n\n\n<p><\/p>\n\n\n<div class=\"wpforms-container wpforms-container-full wpforms-block\" id=\"wpforms-566\"><form id=\"wpforms-form-566\" class=\"wpforms-validate wpforms-form\" data-formid=\"566\" method=\"post\" enctype=\"multipart\/form-data\" action=\"\/index.php\/wp-json\/wp\/v2\/pages\/594\" data-token=\"6f9df3c3139f37061ca0dd5f33c9c874\"><noscript class=\"wpforms-error-noscript\">Aktivera JavaScript i din webbl\u00e4sare f\u00f6r att slutf\u00f6ra detta formul\u00e4r.<\/noscript><div class=\"wpforms-field-container\"><div id=\"wpforms-566-field_0-container\" class=\"wpforms-field wpforms-field-name wpforms-one-third wpforms-first wpforms-one-half\" data-field-id=\"0\"><label class=\"wpforms-field-label\" for=\"wpforms-566-field_0\">Namn <span class=\"wpforms-required-label\">*<\/span><\/label><input type=\"text\" id=\"wpforms-566-field_0\" class=\"wpforms-field-medium wpforms-field-required\" name=\"wpforms[fields][0]\" required><\/div><div id=\"wpforms-566-field_1-container\" class=\"wpforms-field wpforms-field-email\" data-field-id=\"1\"><label class=\"wpforms-field-label\" for=\"wpforms-566-field_1\">Email <span class=\"wpforms-required-label\">*<\/span><\/label><input type=\"email\" id=\"wpforms-566-field_1\" class=\"wpforms-field-medium wpforms-field-required\" name=\"wpforms[fields][1]\" spellcheck=\"false\" required><\/div><div id=\"wpforms-566-field_5-container\" class=\"wpforms-field wpforms-field-textarea\" data-field-id=\"5\"><label class=\"wpforms-field-label\" for=\"wpforms-566-field_5\">Meddelande <span class=\"wpforms-required-label\">*<\/span><\/label><textarea id=\"wpforms-566-field_5\" class=\"wpforms-field-medium wpforms-field-required\" name=\"wpforms[fields][5]\" required><\/textarea><\/div><\/div><!-- .wpforms-field-container --><div class=\"wpforms-submit-container\" ><input type=\"hidden\" name=\"wpforms[id]\" value=\"566\"><input type=\"hidden\" name=\"wpforms[author]\" value=\"1\"><button type=\"submit\" name=\"wpforms[submit]\" id=\"wpforms-submit-566\" class=\"wpforms-submit\" data-alt-text=\"Sending...\" data-submit-text=\"Skicka\" aria-live=\"assertive\" value=\"wpforms-submit\">Skicka<\/button><\/div><\/form><\/div>  <!-- .wpforms-container -->","protected":false},"excerpt":{"rendered":"<p>Rinieri erbjuder ett stort utbud av grenkrossar och f\u00f6r att se hela utbudet: https:\/\/www.rinieri.com\/en\/products\/shredders&#8211;rotary-mower\/ Modellen TRL-B \u00e4r anpassad f\u00f6r att passa v\u00e4l i moderna odlingar, med sina l\u00e5ga profil d\u00e4r den h\u00f6gsta sidan av maskinen \u00e4r 53cm. Fyra storleksmodeller fr\u00e5n 127cm klippbredd till 200cm klippbredd. Hammarknivarna har en vikt p\u00e5 1.7kg och klarar av att [&hellip;]<\/p>\n","protected":false},"author":1,"featured_media":0,"parent":584,"menu_order":0,"comment_status":"closed","ping_status":"closed","template":"","meta":{"footnotes":""},"jetpack_sharing_enabled":true,"jetpack_shortlink":"https:\/\/wp.me\/PaLEM1-9A","_links":{"self":[{"href":"https:\/\/bjorkedalhandel.se\/index.php\/wp-json\/wp\/v2\/pages\/594"}],"collection":[{"href":"https:\/\/bjorkedalhandel.se\/index.php\/wp-json\/wp\/v2\/pages"}],"about":[{"href":"https:\/\/bjorkedalhandel.se\/index.php\/wp-json\/wp\/v2\/types\/page"}],"author":[{"embeddable":true,"href":"https:\/\/bjorkedalhandel.se\/index.php\/wp-json\/wp\/v2\/users\/1"}],"replies":[{"embeddable":true,"href":"https:\/\/bjorkedalhandel.se\/index.php\/wp-json\/wp\/v2\/comments?post=594"}],"version-history":[{"count":1,"href":"https:\/\/bjorkedalhandel.se\/index.php\/wp-json\/wp\/v2\/pages\/594\/revisions"}],"predecessor-version":[{"id":596,"href":"https:\/\/bjorkedalhandel.se\/index.php\/wp-json\/wp\/v2\/pages\/594\/revisions\/596"}],"up":[{"embeddable":true,"href":"https:\/\/bjorkedalhandel.se\/index.php\/wp-json\/wp\/v2\/pages\/584"}],"wp:attachment":[{"href":"https:\/\/bjorkedalhandel.se\/index.php\/wp-json\/wp\/v2\/media?parent=594"}],"curies":[{"name":"wp","href":"https:\/\/api.w.org\/{rel}","templated":true}]}}