{"id":601,"date":"2020-11-14T18:12:15","date_gmt":"2020-11-14T17:12:15","guid":{"rendered":"https:\/\/bjorkedalhandel.se\/?page_id=601"},"modified":"2020-11-15T11:43:30","modified_gmt":"2020-11-15T10:43:30","slug":"rinieri-crf","status":"publish","type":"page","link":"https:\/\/bjorkedalhandel.se\/index.php\/maskiner\/rinieri\/rinieri-crf\/","title":{"rendered":"Rinieri CRF"},"content":{"rendered":"\n<figure class=\"wp-block-image size-large is-resized\"><img decoding=\"async\" loading=\"lazy\" src=\"https:\/\/bjorkedalhandel.se\/wp-content\/uploads\/2020\/11\/rinieri-crf.jpg\" alt=\"\" class=\"wp-image-602\" width=\"397\" height=\"529\" srcset=\"https:\/\/bjorkedalhandel.se\/wp-content\/uploads\/2020\/11\/rinieri-crf.jpg 375w, https:\/\/bjorkedalhandel.se\/wp-content\/uploads\/2020\/11\/rinieri-crf-225x300.jpg 225w\" sizes=\"(max-width: 397px) 100vw, 397px\" \/><figcaption>Rinieri CRF<\/figcaption><\/figure>\n\n\n\n<p>CRF-modellen finns i fyra l\u00e4ngder, d\u00e4r huvudkniven \u00e4r 200cm, 250cm, 280cm eller 340cm l\u00e5ng. Maskinen kan styras genom traktorns egna hydraulfunktioner, 4+1 joystick eller 6+1 joystick. <\/p>\n\n\n\n<p> Denna verision \u00e4r utrustad med SCH-knivar med kapacitet till grenar upp till 3-4cm i diameter. CRF-X \u00e4r ist\u00e4llet utrustad med s\u00e5gklingor och med en kapacitet upp till 8cm i diameter. <\/p>\n\n\n\n<p>Det \u00e4r m\u00f6jligt att utrusta maskinen med toppkniv, bottenkniv och en mindre mittkniv f\u00f6r att \u00f6ka ljusinsl\u00e4ppet till de l\u00e4gre delarna av tr\u00e4det. <\/p>\n\n\n\n<div class=\"wp-block-group\"><div class=\"wp-block-group__inner-container is-layout-flow wp-block-group-is-layout-flow\">\n<figure class=\"wp-block-table\"><table><tbody><tr><td>Tillval<\/td><td>Beskrivning<\/td><\/tr><tr><td>Toppkniv 120cm<\/td><td>90\u00b0 hydraulisk lutning<\/td><\/tr><tr><td>Toppkniv 120cm<\/td><td>90\u00b0 manuell lutning, hydraulisk rotering<\/td><\/tr><tr><td>Toppkniv 120cm <\/td><td>90\u00b0 hydraulisk lutning, hydraulisk rotering<\/td><\/tr><tr><td>Bottenkniv 65cm<\/td><td>Manuell lutning<\/td><\/tr><tr><td>Bottenkniv 65cm<\/td><td>Hydraulisk lutning<\/td><\/tr><tr><td>Mittenkniv 40cm<\/td><td>Manuell inst\u00e4llning<\/td><\/tr><tr><td>Hydraulpaket<\/td><td>45L pump, 90L tank, kraft\u00f6verf\u00f6ringsaxel<\/td><\/tr><\/tbody><\/table><\/figure>\n<\/div><\/div>\n\n\n\n<figure class=\"wp-block-embed-youtube wp-block-embed is-type-video is-provider-youtube wp-embed-aspect-16-9 wp-has-aspect-ratio\"><div class=\"wp-block-embed__wrapper\">\n<div class=\"jetpack-video-wrapper\"><span class=\"embed-youtube\" style=\"text-align:center; display: block;\"><iframe loading=\"lazy\" class=\"youtube-player\" width=\"1170\" height=\"659\" src=\"https:\/\/www.youtube.com\/embed\/FILAnkn-zAo?version=3&#038;rel=1&#038;showsearch=0&#038;showinfo=1&#038;iv_load_policy=1&#038;fs=1&#038;hl=sv-SE&#038;autohide=2&#038;wmode=transparent\" allowfullscreen=\"true\" style=\"border:0;\" sandbox=\"allow-scripts allow-same-origin allow-popups allow-presentation\"><\/iframe><\/span><\/div>\n<\/div><\/figure>\n\n\n<div class=\"wpforms-container wpforms-container-full wpforms-block\" id=\"wpforms-566\"><form id=\"wpforms-form-566\" class=\"wpforms-validate wpforms-form\" data-formid=\"566\" method=\"post\" enctype=\"multipart\/form-data\" action=\"\/index.php\/wp-json\/wp\/v2\/pages\/601\" data-token=\"6f9df3c3139f37061ca0dd5f33c9c874\"><noscript class=\"wpforms-error-noscript\">Aktivera JavaScript i din webbl\u00e4sare f\u00f6r att slutf\u00f6ra detta formul\u00e4r.<\/noscript><div class=\"wpforms-field-container\"><div id=\"wpforms-566-field_0-container\" class=\"wpforms-field wpforms-field-name wpforms-one-third wpforms-first wpforms-one-half\" data-field-id=\"0\"><label class=\"wpforms-field-label\" for=\"wpforms-566-field_0\">Namn <span class=\"wpforms-required-label\">*<\/span><\/label><input type=\"text\" id=\"wpforms-566-field_0\" class=\"wpforms-field-medium wpforms-field-required\" name=\"wpforms[fields][0]\" required><\/div><div id=\"wpforms-566-field_1-container\" class=\"wpforms-field wpforms-field-email\" data-field-id=\"1\"><label class=\"wpforms-field-label\" for=\"wpforms-566-field_1\">Email <span class=\"wpforms-required-label\">*<\/span><\/label><input type=\"email\" id=\"wpforms-566-field_1\" class=\"wpforms-field-medium wpforms-field-required\" name=\"wpforms[fields][1]\" spellcheck=\"false\" required><\/div><div id=\"wpforms-566-field_5-container\" class=\"wpforms-field wpforms-field-textarea\" data-field-id=\"5\"><label class=\"wpforms-field-label\" for=\"wpforms-566-field_5\">Meddelande <span class=\"wpforms-required-label\">*<\/span><\/label><textarea id=\"wpforms-566-field_5\" class=\"wpforms-field-medium wpforms-field-required\" name=\"wpforms[fields][5]\" required><\/textarea><\/div><\/div><!-- .wpforms-field-container --><div class=\"wpforms-submit-container\" ><input type=\"hidden\" name=\"wpforms[id]\" value=\"566\"><input type=\"hidden\" name=\"wpforms[author]\" value=\"1\"><button type=\"submit\" name=\"wpforms[submit]\" id=\"wpforms-submit-566\" class=\"wpforms-submit\" data-alt-text=\"Sending...\" data-submit-text=\"Skicka\" aria-live=\"assertive\" value=\"wpforms-submit\">Skicka<\/button><\/div><\/form><\/div>  <!-- .wpforms-container -->","protected":false},"excerpt":{"rendered":"<p>CRF-modellen finns i fyra l\u00e4ngder, d\u00e4r huvudkniven \u00e4r 200cm, 250cm, 280cm eller 340cm l\u00e5ng. Maskinen kan styras genom traktorns egna hydraulfunktioner, 4+1 joystick eller 6+1 joystick. Denna verision \u00e4r utrustad med SCH-knivar med kapacitet till grenar upp till 3-4cm i diameter. CRF-X \u00e4r ist\u00e4llet utrustad med s\u00e5gklingor och med en kapacitet upp till 8cm i [&hellip;]<\/p>\n","protected":false},"author":1,"featured_media":0,"parent":584,"menu_order":0,"comment_status":"closed","ping_status":"closed","template":"","meta":{"footnotes":""},"jetpack_sharing_enabled":true,"jetpack_shortlink":"https:\/\/wp.me\/PaLEM1-9H","_links":{"self":[{"href":"https:\/\/bjorkedalhandel.se\/index.php\/wp-json\/wp\/v2\/pages\/601"}],"collection":[{"href":"https:\/\/bjorkedalhandel.se\/index.php\/wp-json\/wp\/v2\/pages"}],"about":[{"href":"https:\/\/bjorkedalhandel.se\/index.php\/wp-json\/wp\/v2\/types\/page"}],"author":[{"embeddable":true,"href":"https:\/\/bjorkedalhandel.se\/index.php\/wp-json\/wp\/v2\/users\/1"}],"replies":[{"embeddable":true,"href":"https:\/\/bjorkedalhandel.se\/index.php\/wp-json\/wp\/v2\/comments?post=601"}],"version-history":[{"count":2,"href":"https:\/\/bjorkedalhandel.se\/index.php\/wp-json\/wp\/v2\/pages\/601\/revisions"}],"predecessor-version":[{"id":604,"href":"https:\/\/bjorkedalhandel.se\/index.php\/wp-json\/wp\/v2\/pages\/601\/revisions\/604"}],"up":[{"embeddable":true,"href":"https:\/\/bjorkedalhandel.se\/index.php\/wp-json\/wp\/v2\/pages\/584"}],"wp:attachment":[{"href":"https:\/\/bjorkedalhandel.se\/index.php\/wp-json\/wp\/v2\/media?parent=601"}],"curies":[{"name":"wp","href":"https:\/\/api.w.org\/{rel}","templated":true}]}}